{"id":237,"date":"2022-09-19T20:28:59","date_gmt":"2022-09-19T20:28:59","guid":{"rendered":"http:\/\/www.rocak.cz\/?page_id=237"},"modified":"2026-03-02T21:14:23","modified_gmt":"2026-03-02T21:14:23","slug":"jiri-rocak-2","status":"publish","type":"page","link":"https:\/\/www.rocak.cz\/index.php\/jiri-rocak-2\/","title":{"rendered":"Ji\u0159\u00ed Ro\u010d\u00e1k"},"content":{"rendered":"\n<figure class=\"wp-block-image size-large is-resized\"><img decoding=\"async\" loading=\"lazy\" src=\"http:\/\/www.rocak.cz\/wp-content\/uploads\/2018\/08\/ROC-1019x1024.png\" alt=\"\" class=\"wp-image-17\" width=\"175\" height=\"175\" srcset=\"https:\/\/www.rocak.cz\/wp-content\/uploads\/2018\/08\/ROC-1019x1024.png 1019w, https:\/\/www.rocak.cz\/wp-content\/uploads\/2018\/08\/ROC-150x150.png 150w, https:\/\/www.rocak.cz\/wp-content\/uploads\/2018\/08\/ROC-298x300.png 298w, https:\/\/www.rocak.cz\/wp-content\/uploads\/2018\/08\/ROC-768x772.png 768w, https:\/\/www.rocak.cz\/wp-content\/uploads\/2018\/08\/ROC.png 1140w\" sizes=\"(max-width: 175px) 100vw, 175px\" \/><\/figure>\n\n\n\n<p class=\"has-very-light-gray-color has-text-color has-medium-font-size\">&nbsp;&nbsp;&nbsp;&nbsp;&nbsp;&nbsp;&nbsp;&nbsp;&nbsp;&nbsp;&nbsp;&nbsp;&nbsp;&nbsp;&nbsp;&nbsp;&nbsp;&nbsp;&nbsp;&nbsp;&nbsp;&nbsp;&nbsp;&nbsp;&nbsp;&nbsp;&nbsp;&nbsp; Mgr.\nJi\u0159\u00ed Ro\u010d\u00e1k&nbsp;&nbsp;&nbsp;&nbsp;&nbsp;&nbsp;&nbsp;&nbsp; <\/p>\n\n\n\n<p class=\"has-light-gray-color has-text-color has-medium-font-size\">Narozen 27. 3. 1965 ve Zl\u00edn\u011b. <\/p>\n\n\n\n<p class=\"has-light-gray-color has-text-color has-medium-font-size\">Bydl\u00ed ve Vala\u0161sk\u00fdch Klobouk\u00e1ch, Pod H\u00e1jem 668.<\/p>\n\n\n\n<p class=\"has-light-gray-color has-text-color has-medium-font-size\">Studia na Pedagogick\u00e9 fakult\u011b v&nbsp;Ostrav\u011b 1984\u201389, obor \u010desk\u00fd jazyk a v\u00fdtvarn\u00e1 v\u00fdchova.<\/p>\n\n\n\n<p class=\"has-light-gray-color has-text-color has-medium-font-size\">Vede \u0161koln\u00ed Galerii G a Galerii Vinc\u00fach ve Vala\u0161sk\u00fdch Klobouk\u00e1ch.<\/p>\n\n\n\n<p class=\"has-light-gray-color has-text-color has-medium-font-size\">P\u016fsob\u00ed jako st\u0159edo\u0161kolsk\u00fd u\u010ditel na Gymn\u00e1ziu ve Vala\u0161sk\u00fdch Klobouk\u00e1ch, kde vyu\u010duje \u010desk\u00fd jazyk, v\u00fdtvarnou v\u00fdchovu, d\u011bjiny um\u011bn\u00ed a po\u010d\u00edta\u010dovou grafiku.<\/p>\n\n\n\n<p class=\"has-gray-color has-text-color has-medium-font-size\">P\u0159edseda V\u00fdtvarn\u00e9ho spolku Vinc\u00fach.<\/p>\n\n\n\n<p class=\"has-light-gray-color has-text-color has-medium-font-size\">Za\u0159azen do ofici\u00e1ln\u00edho katalogu Zl\u00ednsk\u00fdch v\u00fdtvarn\u00edk\u016f.<\/p>\n\n\n\n<p class=\"has-gray-color has-text-color\">&nbsp;<\/p>\n\n\n\n<p><\/p>\n\n\n\n<p class=\"has-gray-color has-text-color\" style=\"font-size:20px\">Ji\u0159\u00ed Ro\u010d\u00e1k se narodil v roce 1965 a u\u017e od ran\u00e9ho d\u011btstv\u00ed na\u0161el z\u00e1libu v kreslen\u00ed a malov\u00e1n\u00ed. Od prvn\u00edch \u0161koln\u00edch let za\u010dal nav\u0161t\u011bvovat Lidovou \u0161kolu um\u011bn\u00ed ve Vala\u0161sk\u00fdch Klobouk\u00e1ch. S prvn\u00edmi z\u00e1klady kresby a malby ho sezn\u00e1mil u\u010ditel Lidov\u00e9 \u0161koly um\u011bn\u00ed, akademick\u00fd mal\u00ed\u0159 Lojza Bar\u00e1nek. Pr\u00e1ci s keramikou a modelov\u00e1n\u00edm v hl\u00edn\u011b ho nau\u010dil dlouholet\u00fd u\u010ditel v\u00fdtvarn\u00e9ho oboru pan Josef Je\u0159\u00e1bek. V pozd\u011bj\u0161\u00edch letech se na L\u0160U sezn\u00e1mil i s grafick\u00fdmi technikami, p\u0159edev\u0161\u00edm s linorytem. Na z\u00e1kladn\u00ed \u0161kole jeho v\u00fdtvarnou cestu usm\u011br\u0148oval u\u010ditel v\u00fdtvarn\u00e9 v\u00fdchovy pan Franti\u0161ek Hejda.<\/p>\n\n\n\n<p class=\"has-gray-color has-text-color\" style=\"font-size:20px\">Ve t\u0159in\u00e1cti letech Ji\u0159\u00ed za\u017eil prvn\u00ed velk\u00e9 v\u00fdtvarn\u00e9 \u0161t\u011bst\u00ed. K narozenin\u00e1m dostal od rodi\u010d\u016f opravdov\u00e9 olejov\u00e9 barvy. D\u00e1rek tehdy zajistil pan Lojza Bar\u00e1nek, jak se Ji\u0159\u00ed pozd\u011bji dozv\u011bd\u011bl. V t\u00e9 dob\u011b to v\u016fbec nebylo jednoduch\u00e9 \u2013 olejov\u00e9 barvy se prod\u00e1valy pouze ve specializovan\u00fdch obchodech D\u00edlo, a to jen na pr\u016fkaz \u010dlena Svazu v\u00fdtvarn\u00edk\u016f.<\/p>\n\n\n\n<p class=\"has-gray-color has-text-color\" style=\"font-size:20px\">Z\u00e1jem o v\u00fdtvarnou tvorbu je\u0161t\u011b v\u00edce zintenzivnil b\u011bhem studia na Gymn\u00e1ziu ve Vala\u0161sk\u00fdch Klobouk\u00e1ch. Po cel\u00e9 studium na gymn\u00e1ziu se p\u0159ipravoval na p\u0159ij\u00edmac\u00ed zkou\u0161ky na Akademii v\u00fdtvarn\u00fdch um\u011bn\u00ed v Praze. P\u0159ipravoval se st\u0159\u00eddav\u011b s akademick\u00fdm mal\u00ed\u0159em Zde\u0148kem Maty\u00e1\u0161em a akademick\u00fdm mal\u00ed\u0159em Lojzou Bar\u00e1nkem. S vala\u0161skoklobouck\u00fdm mal\u00ed\u0159em Zde\u0148kem Maty\u00e1\u0161em \u010dasto vyr\u00e1\u017eel do plen\u00e9ru v okol\u00ed Vala\u0161sk\u00fdch Klobouk. P\u0159i studiu na gymn\u00e1ziu se rovn\u011b\u017e za\u010dal zaj\u00edmat o d\u011bjiny um\u011bn\u00ed. V roce 1983 zde absolvoval svou prvn\u00ed v\u00fdstavu d\u011bl na spole\u010dn\u00e9 v\u00fdstav\u011b vala\u0161skoklobouck\u00fdch v\u00fdtvarn\u00fdch amat\u00e9r\u016f v m\u011bstsk\u00e9 knihovn\u011b.<\/p>\n\n\n\n<p class=\"has-gray-color has-text-color\" style=\"font-size:20px\">P\u0159ij\u00edmac\u00ed zkou\u0161ky na Akademii byly n\u00e1ro\u010dn\u00e9. P\u0159i konzultaci nad dom\u00e1c\u00edmi pracemi mu komise doporu\u010dila studium na Akademii o rok odlo\u017eit a zlep\u0161it p\u0159\u00edpravu, p\u0159\u00edpadn\u011b j\u00edt studovat v\u00fdtvarnou v\u00fdchovu na pedagogickou fakultu, kde by mohl sv\u00e9 v\u00fdtvarn\u00e9 vlohy d\u00e1le rozv\u00edjet. V dob\u011b socialistick\u00e9ho \u0161kolstv\u00ed, kdy si student mohl podat pouze jednu p\u0159ihl\u00e1\u0161ku na vysokou \u0161kolu, padla volba na studium v\u00fdtvarn\u00e9 v\u00fdchovy. Po \u00fasp\u011b\u0161n\u00e9m absolvov\u00e1n\u00ed p\u0159ij\u00edmac\u00edch zkou\u0161ek nastoupil ke studiu na Pedagogick\u00e9 fakult\u011b v Ostrav\u011b, obor v\u00fdtvarn\u00e1 v\u00fdchova a \u010desk\u00fd jazyk. V Ostrav\u011b nav\u0161t\u011bvoval mal\u00ed\u0159sk\u00fd ateli\u00e9r pod veden\u00edm PhDr. Ond\u0159eje Vorla. Pedagogickou fakultu absolvoval diplomovou prac\u00ed na t\u00e9ma Kresba a malba portr\u00e9tu. Hodnot\u00edc\u00ed komisi p\u0159edlo\u017eil soubor kreseb a maleb vala\u0161sk\u00fdch chlap\u016f, kter\u00e9 kreslil p\u016fl roku po klobouck\u00fdch hospod\u00e1ch; malby pak tvo\u0159il ve sv\u00e9m ateli\u00e9ru.<\/p>\n\n\n\n<p class=\"has-gray-color has-text-color\" style=\"font-size:20px\">Po vysok\u00e9 \u0161kole nastoupil jako u\u010ditel \u010desk\u00e9ho jazyka a v\u00fdtvarn\u00e9 v\u00fdchovy na z\u00e1kladn\u00ed \u0161kolu v \u00dajezd\u011b. Po roce, kdy nastaly spole\u010densk\u00e9 zm\u011bny, ode\u0161el u\u010dit na Gymn\u00e1zium ve Vala\u0161sk\u00fdch Klobouk\u00e1ch, kde p\u016fsob\u00ed dodnes. Na gymn\u00e1zium nastoupil v roce 1990 a obnovil zde v\u00fduku v\u00fdtvarn\u00e9 v\u00fdchovy a d\u011bjin um\u011bn\u00ed. Jako prvn\u00ed z okoln\u00edch \u0161kol zalo\u017eil \u0161koln\u00ed galerii, kde bylo uspo\u0159\u00e1d\u00e1no na 300 v\u00fdstav profesion\u00e1ln\u00edch v\u00fdtvarn\u00edk\u016f z \u010cech i ze zahrani\u010d\u00ed; galerie se v\u0161ak p\u0159edev\u0161\u00edm soust\u0159ed\u00ed na vystavov\u00e1n\u00ed prac\u00ed student\u016f v\u00fdtvarn\u00e9 v\u00fdchovy.<\/p>\n\n\n\n<p class=\"has-gray-color has-text-color\" style=\"font-size:20px\">Ji\u0159\u00ed Ro\u010d\u00e1k zavedl na gymn\u00e1ziu tak\u00e9 plnohodnotnou maturitu z v\u00fdtvarn\u00e9 v\u00fdchovy, kterou pravideln\u011b absolvuj\u00ed studenti se z\u00e1m\u011brem studovat v\u00fdtvarn\u00e9 obory na vysok\u00fdch \u0161kol\u00e1ch. Studenti gymn\u00e1zia se sv\u00fdm u\u010ditelem v\u00fdtvarn\u00e9 v\u00fdchovy pravideln\u011b jezd\u00ed na t\u00fddenn\u00ed kurzy krajinomalby nebo nav\u0161t\u011bvuj\u00ed v\u00fdstavy v\u00fdtvarn\u00fdch d\u011bl u n\u00e1s i v zahrani\u010d\u00ed.<\/p>\n\n\n\n<p class=\"has-gray-color has-text-color\" style=\"font-size:20px\">Ji\u0159\u00ed Ro\u010d\u00e1k se v\u011bnuje tak\u00e9 grafick\u00e9mu designu, velkoplo\u0161n\u00e9 reklam\u011b a kni\u017en\u00ed grafice. Je p\u0159edsedou V\u00fdtvarn\u00e9ho spolku Vinc\u00fach ve Vala\u0161sk\u00fdch Klobouk\u00e1ch, vede \u0161koln\u00ed galerii G na Gymn\u00e1ziu Vala\u0161sk\u00e9 Klobouky a je kur\u00e1torem m\u011bstsk\u00e9 galerie Vinc\u00fach, rovn\u011b\u017e ve Vala\u0161sk\u00fdch Klobouk\u00e1ch.<\/p>\n\n\n\n<p class=\"has-gray-color has-text-color\" style=\"font-size:20px\">Vedle sv\u00e9 pedagogick\u00e9 \u010dinnosti se v\u011bnuje i vlastn\u00ed v\u00fdtvarn\u00e9 tvorb\u011b. Maluje a kresl\u00ed, vytv\u00e1\u0159\u00ed grafiky v technik\u00e1ch linorytu, such\u00e9 jehly a leptu, kde je mu n\u00e1m\u011btem \u017eena, \u017eensk\u00fd akt nebo abstrakce. Grafick\u00e9 techniky vhodn\u011b kombinuje. Jemnost such\u00e9 jehly, leptu a akvatinty uplat\u0148uje v kontrastu s hutn\u00fdmi liniemi barevn\u00e9ho linorytu. Inspirov\u00e1n jednoduch\u00fdm tvarem a okam\u017eit\u00fdm pocitem vytv\u00e1\u0159\u00ed kompozice barev, lini\u00ed a ploch. D\u016fle\u017eit\u00fdm t\u00e9matem jeho d\u011bl je \u017eena. K\u0159ivky \u017eensk\u00e9ho aktu, dopln\u011bn\u00e9 p\u0159\u00edrodn\u00edmi prvky, zpracov\u00e1v\u00e1 v mnohovrstevn\u00fdch kompozic\u00edch v malb\u011b, kresb\u011b such\u00fdm pastelem i grafice.  Zku\u0161enost s grafickou kompozic\u00ed uplat\u0148uje i p\u0159i tvorb\u011b textiln\u00edch voskov\u00fdch batik. N\u00e1m\u011btov\u011b se sna\u017e\u00ed p\u0159ech\u00e1zet do abstraktn\u011bj\u0161\u00ed polohy s vyu\u017eit\u00edm z\u00e1kladn\u00edch geometrick\u00fdch tvar\u016f. P\u0159i kresb\u011b a malb\u011b krajiny se sna\u017e\u00ed zachytit kr\u00e1su vala\u0161sk\u00fdch kopc\u016f, pol\u00ed a luk.<\/p>\n\n\n\n<p class=\"has-gray-color has-text-color\" style=\"font-size:20px\">Jeho v\u00fdtvarn\u00e9 d\u00edlo je zastoupeno v soukrom\u00fdch sb\u00edrk\u00e1ch v \u010cesk\u00e9 republice, na Slovensku, v N\u011bmecku, USA, Kanad\u011b a \u0160v\u00e9dsku. Uspo\u0159\u00e1dal na 30 samostatn\u00fdch a spolkov\u00fdch v\u00fdstav; k nejd\u016fle\u017eit\u011bj\u0161\u00edm pat\u0159\u00ed samostatn\u00e1 v\u00fdstava ve foyer Zl\u00ednsk\u00e9ho divadla a v\u00fdstava v galerii v kanadsk\u00e9m m\u011bst\u011b Vernon.<\/p>\n\n\n\n<p class=\"has-gray-color has-text-color\" style=\"font-size:20px\">Kresby a malby krajiny vznikaj\u00ed v okol\u00ed Vala\u0161sk\u00fdch Klobouk a Plo\u0161tiny, kter\u00e9 jsou obklopeny kr\u00e1sou B\u00edl\u00fdch Karpat. V\u011bt\u0161inou zachycuj\u00ed pro v\u00fdtvarn\u00edky obl\u00edben\u00e9 obdob\u00ed podzimu, kdy p\u0159\u00edroda hraje v\u0161emi barvami.<\/p>\n\n\n\n<p class=\"has-gray-color has-text-color\" style=\"font-size:20px\">Ji\u0159\u00ed Ro\u010d\u00e1k nen\u00ed realistick\u00fd mal\u00ed\u0159 \u2013 nesna\u017e\u00ed se zachytit fotografickou v\u011brnost zobrazovan\u00e9 krajiny. Jeho obrazy sp\u00ed\u0161e navozuj\u00ed pocit krajiny, krajinn\u00fdch z\u00e1ti\u0161\u00ed a strom\u016f. Jsou to prchav\u00e9 z\u00e1znamy vid\u011bn\u00e9 p\u0159\u00edrody. Barvy se prom\u00edch\u00e1vaj\u00ed, zapou\u0161t\u011bj\u00ed do sebe a navozuj\u00ed atmosf\u00e9ru podzimn\u00edch odpoledn\u00ed a podve\u010der\u016f.<\/p>\n\n\n\n<p class=\"has-gray-color has-text-color\" style=\"font-size:20px\">Krajinu nezobrazuje v\u011brn\u011b, sp\u00ed\u0161e se sna\u017e\u00ed s n\u00ed nav\u00e1zat kontakt, prostoupit ji a sv\u00e9 pocity z tohoto setk\u00e1n\u00ed p\u0159en\u00e9st na b\u011blostn\u00fd akvarelov\u00fd \u010di pastelov\u00fd pap\u00edr. Sv\u00e9 drobn\u00e9 obrazy s\u00e1m ozna\u010duje jako lyrizovan\u00fd fauvismus \u2013 rychl\u00e9 z\u00e1znamy pocit\u016f z krajiny ve v\u00fdrazn\u00fdch barv\u00e1ch.<\/p>\n\n\n\n<p class=\"has-gray-color has-text-color\" style=\"font-size:20px\">K malb\u011b a kresb\u011b krajiny zde vystaven\u00fdch prac\u00ed vyu\u017e\u00edv\u00e1 techniky akvarelu, such\u00e9ho pastelu a rozm\u00fdvan\u00e9ho voskov\u00e9ho pastelu. Barevn\u00e9 kresby a malby jsou dopln\u011bny kresbami tu\u0161\u00ed a uhlem. Jak ji\u017e bylo \u0159e\u010deno, p\u0159i zobrazov\u00e1n\u00ed vala\u0161sk\u00e9 krajiny nejde o realistick\u00e9 zobrazen\u00ed, ale o kontakt s krajinou a zachycen\u00ed pocit\u016f z jej\u00edch kr\u00e1s \u2013 impres\u00ed a barevn\u00fdch souzn\u011bn\u00ed, p\u0159ev\u00e1\u017en\u011b podzimn\u00edch krajinn\u00fdch n\u00e1lad.<\/p>\n\n\n\n<figure class=\"wp-block-gallery has-nested-images columns-4 is-cropped wp-block-gallery-1 is-layout-flex\">\n<figure class=\"wp-block-image size-large\"><img decoding=\"async\" loading=\"lazy\" width=\"1024\" height=\"819\" data-id=\"326\"  src=\"http:\/\/www.rocak.cz\/wp-content\/uploads\/2019\/07\/pic00008-1024x819.jpg\" alt=\"\" class=\"wp-image-326\" srcset=\"https:\/\/www.rocak.cz\/wp-content\/uploads\/2019\/07\/pic00008-1024x819.jpg 1024w, https:\/\/www.rocak.cz\/wp-content\/uploads\/2019\/07\/pic00008-300x240.jpg 300w, https:\/\/www.rocak.cz\/wp-content\/uploads\/2019\/07\/pic00008-768x614.jpg 768w, https:\/\/www.rocak.cz\/wp-content\/uploads\/2019\/07\/pic00008.jpg 1280w\" sizes=\"(max-width: 1024px) 100vw, 1024px\" \/><\/figure>\n\n\n\n<figure class=\"wp-block-image size-large\"><img decoding=\"async\" loading=\"lazy\" width=\"972\" height=\"677\" data-id=\"351\"  src=\"http:\/\/www.rocak.cz\/wp-content\/uploads\/2019\/07\/foto6a.jpg\" alt=\"\" class=\"wp-image-351\" srcset=\"https:\/\/www.rocak.cz\/wp-content\/uploads\/2019\/07\/foto6a.jpg 972w, https:\/\/www.rocak.cz\/wp-content\/uploads\/2019\/07\/foto6a-300x209.jpg 300w, https:\/\/www.rocak.cz\/wp-content\/uploads\/2019\/07\/foto6a-768x535.jpg 768w\" sizes=\"(max-width: 972px) 100vw, 972px\" \/><\/figure>\n\n\n\n<figure class=\"wp-block-image size-large\"><img decoding=\"async\" loading=\"lazy\" width=\"1024\" height=\"819\" data-id=\"10\"  src=\"http:\/\/www.rocak.cz\/wp-content\/uploads\/2018\/08\/Ro-malir-2-1024x819.jpg\" alt=\"\" class=\"wp-image-10\" srcset=\"https:\/\/www.rocak.cz\/wp-content\/uploads\/2018\/08\/Ro-malir-2-1024x819.jpg 1024w, https:\/\/www.rocak.cz\/wp-content\/uploads\/2018\/08\/Ro-malir-2-300x240.jpg 300w, https:\/\/www.rocak.cz\/wp-content\/uploads\/2018\/08\/Ro-malir-2-768x615.jpg 768w, https:\/\/www.rocak.cz\/wp-content\/uploads\/2018\/08\/Ro-malir-2.jpg 1807w\" sizes=\"(max-width: 1024px) 100vw, 1024px\" \/><\/figure>\n\n\n\n<figure class=\"wp-block-image size-large\"><img decoding=\"async\" loading=\"lazy\" width=\"757\" height=\"1024\" data-id=\"345\"  src=\"http:\/\/www.rocak.cz\/wp-content\/uploads\/2019\/07\/22-757x1024.jpg\" alt=\"\" class=\"wp-image-345\" srcset=\"https:\/\/www.rocak.cz\/wp-content\/uploads\/2019\/07\/22.jpg 757w, https:\/\/www.rocak.cz\/wp-content\/uploads\/2019\/07\/22-222x300.jpg 222w\" sizes=\"(max-width: 757px) 100vw, 757px\" \/><\/figure>\n\n\n\n<figure class=\"wp-block-image size-large\"><img decoding=\"async\" loading=\"lazy\" width=\"1024\" height=\"696\" data-id=\"331\"  src=\"http:\/\/www.rocak.cz\/wp-content\/uploads\/2019\/07\/Obr\u00e1zek-3b-1024x696.jpg\" alt=\"\" class=\"wp-image-331\" srcset=\"https:\/\/www.rocak.cz\/wp-content\/uploads\/2019\/07\/Obr\u00e1zek-3b-1024x696.jpg 1024w, https:\/\/www.rocak.cz\/wp-content\/uploads\/2019\/07\/Obr\u00e1zek-3b-300x204.jpg 300w, https:\/\/www.rocak.cz\/wp-content\/uploads\/2019\/07\/Obr\u00e1zek-3b-768x522.jpg 768w, https:\/\/www.rocak.cz\/wp-content\/uploads\/2019\/07\/Obr\u00e1zek-3b.jpg 1461w\" sizes=\"(max-width: 1024px) 100vw, 1024px\" \/><\/figure>\n\n\n\n<figure class=\"wp-block-image size-large\"><img decoding=\"async\" loading=\"lazy\" width=\"1024\" height=\"768\" data-id=\"330\"  src=\"http:\/\/www.rocak.cz\/wp-content\/uploads\/2019\/07\/IMG_3697-1024x768.jpg\" alt=\"\" class=\"wp-image-330\" srcset=\"https:\/\/www.rocak.cz\/wp-content\/uploads\/2019\/07\/IMG_3697-1024x768.jpg 1024w, https:\/\/www.rocak.cz\/wp-content\/uploads\/2019\/07\/IMG_3697-300x225.jpg 300w, https:\/\/www.rocak.cz\/wp-content\/uploads\/2019\/07\/IMG_3697-768x576.jpg 768w\" sizes=\"(max-width: 1024px) 100vw, 1024px\" \/><\/figure>\n\n\n\n<figure class=\"wp-block-image size-large\"><img decoding=\"async\" loading=\"lazy\" width=\"1024\" height=\"683\" data-id=\"348\"  src=\"http:\/\/www.rocak.cz\/wp-content\/uploads\/2019\/07\/IMG_6794-3-1024x683.jpg\" alt=\"\" class=\"wp-image-348\" srcset=\"https:\/\/www.rocak.cz\/wp-content\/uploads\/2019\/07\/IMG_6794-3-1024x683.jpg 1024w, https:\/\/www.rocak.cz\/wp-content\/uploads\/2019\/07\/IMG_6794-3-300x200.jpg 300w, https:\/\/www.rocak.cz\/wp-content\/uploads\/2019\/07\/IMG_6794-3-768x512.jpg 768w\" sizes=\"(max-width: 1024px) 100vw, 1024px\" \/><\/figure>\n\n\n\n<figure class=\"wp-block-image size-large\"><img decoding=\"async\" loading=\"lazy\" width=\"853\" height=\"1024\" data-id=\"347\"  src=\"http:\/\/www.rocak.cz\/wp-content\/uploads\/2019\/07\/IMG_2215-1-853x1024.jpg\" alt=\"\" class=\"wp-image-347\" srcset=\"https:\/\/www.rocak.cz\/wp-content\/uploads\/2019\/07\/IMG_2215-1-853x1024.jpg 853w, https:\/\/www.rocak.cz\/wp-content\/uploads\/2019\/07\/IMG_2215-1-250x300.jpg 250w, https:\/\/www.rocak.cz\/wp-content\/uploads\/2019\/07\/IMG_2215-1-768x921.jpg 768w\" sizes=\"(max-width: 853px) 100vw, 853px\" \/><\/figure>\n<\/figure>\n\n\n\n<p>\n\n\n\n\n\n\ufffd<\/p>\n\n\n\n<figure class=\"wp-block-gallery has-nested-images columns-default is-cropped wp-block-gallery-3 is-layout-flex\">\n<figure class=\"wp-block-image size-large\"><img decoding=\"async\" loading=\"lazy\" width=\"1024\" height=\"683\" data-id=\"703\"  src=\"https:\/\/www.rocak.cz\/wp-content\/uploads\/2026\/03\/2L6A4343_resize-2-1024x683.jpg\" alt=\"\" class=\"wp-image-703\" srcset=\"https:\/\/www.rocak.cz\/wp-content\/uploads\/2026\/03\/2L6A4343_resize-2-1024x683.jpg 1024w, https:\/\/www.rocak.cz\/wp-content\/uploads\/2026\/03\/2L6A4343_resize-2-300x200.jpg 300w, https:\/\/www.rocak.cz\/wp-content\/uploads\/2026\/03\/2L6A4343_resize-2-768x512.jpg 768w, https:\/\/www.rocak.cz\/wp-content\/uploads\/2026\/03\/2L6A4343_resize-2-1536x1024.jpg 1536w, https:\/\/www.rocak.cz\/wp-content\/uploads\/2026\/03\/2L6A4343_resize-2.jpg 1620w\" sizes=\"(max-width: 1024px) 100vw, 1024px\" \/><\/figure>\n\n\n\n<figure class=\"wp-block-image size-large\"><img decoding=\"async\" loading=\"lazy\" width=\"1024\" height=\"683\" data-id=\"705\"  src=\"https:\/\/www.rocak.cz\/wp-content\/uploads\/2026\/03\/DSC09722-1-1024x683.jpg\" alt=\"\" class=\"wp-image-705\" srcset=\"https:\/\/www.rocak.cz\/wp-content\/uploads\/2026\/03\/DSC09722-1-1024x683.jpg 1024w, https:\/\/www.rocak.cz\/wp-content\/uploads\/2026\/03\/DSC09722-1-300x200.jpg 300w, https:\/\/www.rocak.cz\/wp-content\/uploads\/2026\/03\/DSC09722-1-768x512.jpg 768w, https:\/\/www.rocak.cz\/wp-content\/uploads\/2026\/03\/DSC09722-1-1536x1025.jpg 1536w, https:\/\/www.rocak.cz\/wp-content\/uploads\/2026\/03\/DSC09722-1-2048x1366.jpg 2048w\" sizes=\"(max-width: 1024px) 100vw, 1024px\" \/><\/figure>\n\n\n\n<figure class=\"wp-block-image size-large\"><img decoding=\"async\" loading=\"lazy\" width=\"512\" height=\"683\" data-id=\"702\"  src=\"https:\/\/www.rocak.cz\/wp-content\/uploads\/2026\/03\/Jiri-Rocak-1.jpg\" alt=\"\" class=\"wp-image-702\" srcset=\"https:\/\/www.rocak.cz\/wp-content\/uploads\/2026\/03\/Jiri-Rocak-1.jpg 512w, https:\/\/www.rocak.cz\/wp-content\/uploads\/2026\/03\/Jiri-Rocak-1-225x300.jpg 225w\" sizes=\"(max-width: 512px) 100vw, 512px\" \/><\/figure>\n\n\n\n<figure class=\"wp-block-image size-large\"><img decoding=\"async\" loading=\"lazy\" width=\"897\" height=\"1024\" data-id=\"704\"  src=\"https:\/\/www.rocak.cz\/wp-content\/uploads\/2026\/03\/Jura_jubileum_21-1-897x1024.jpg\" alt=\"\" class=\"wp-image-704\" srcset=\"https:\/\/www.rocak.cz\/wp-content\/uploads\/2026\/03\/Jura_jubileum_21-1-897x1024.jpg 897w, https:\/\/www.rocak.cz\/wp-content\/uploads\/2026\/03\/Jura_jubileum_21-1-263x300.jpg 263w, https:\/\/www.rocak.cz\/wp-content\/uploads\/2026\/03\/Jura_jubileum_21-1-768x877.jpg 768w, https:\/\/www.rocak.cz\/wp-content\/uploads\/2026\/03\/Jura_jubileum_21-1.jpg 1314w\" sizes=\"(max-width: 897px) 100vw, 897px\" \/><\/figure>\n<\/figure>\n\n\n\n<figure class=\"wp-block-gallery has-nested-images columns-default is-cropped wp-block-gallery-5 is-layout-flex\"><\/figure>\n","protected":false},"excerpt":{"rendered":"<p>&nbsp;&nbsp;&nbsp;&nbsp;&nbsp;&nbsp;&nbsp;&nbsp;&nbsp;&nbsp;&nbsp;&nbsp;&nbsp;&nbsp;&nbsp;&nbsp;&nbsp;&nbsp;&nbsp;&nbsp;&nbsp;&nbsp;&nbsp;&nbsp;&nbsp;&nbsp;&nbsp;&nbsp; Mgr. Ji\u0159\u00ed Ro\u010d\u00e1k&nbsp;&nbsp;&nbsp;&nbsp;&nbsp;&nbsp;&nbsp;&nbsp; Narozen 27. 3. 1965 ve Zl\u00edn\u011b.<span class=\"more-button\"><a href=\"https:\/\/www.rocak.cz\/index.php\/jiri-rocak-2\/\" class=\"more-link\">Continue reading<span class=\"screen-reader-text\">Ji\u0159\u00ed Ro\u010d\u00e1k<\/span><\/a><\/span><\/p>\n","protected":false},"author":1,"featured_media":0,"parent":0,"menu_order":0,"comment_status":"closed","ping_status":"closed","template":"","meta":[],"_links":{"self":[{"href":"https:\/\/www.rocak.cz\/index.php\/wp-json\/wp\/v2\/pages\/237"}],"collection":[{"href":"https:\/\/www.rocak.cz\/index.php\/wp-json\/wp\/v2\/pages"}],"about":[{"href":"https:\/\/www.rocak.cz\/index.php\/wp-json\/wp\/v2\/types\/page"}],"author":[{"embeddable":true,"href":"https:\/\/www.rocak.cz\/index.php\/wp-json\/wp\/v2\/users\/1"}],"replies":[{"embeddable":true,"href":"https:\/\/www.rocak.cz\/index.php\/wp-json\/wp\/v2\/comments?post=237"}],"version-history":[{"count":21,"href":"https:\/\/www.rocak.cz\/index.php\/wp-json\/wp\/v2\/pages\/237\/revisions"}],"predecessor-version":[{"id":801,"href":"https:\/\/www.rocak.cz\/index.php\/wp-json\/wp\/v2\/pages\/237\/revisions\/801"}],"wp:attachment":[{"href":"https:\/\/www.rocak.cz\/index.php\/wp-json\/wp\/v2\/media?parent=237"}],"curies":[{"name":"wp","href":"https:\/\/api.w.org\/{rel}","templated":true}]}}