{"id":113,"date":"2022-09-19T20:30:30","date_gmt":"2022-09-19T20:30:30","guid":{"rendered":"http:\/\/www.rocak.cz\/?page_id=113"},"modified":"2026-03-02T20:37:41","modified_gmt":"2026-03-02T20:37:41","slug":"vystavy","status":"publish","type":"page","link":"https:\/\/www.rocak.cz\/index.php\/vystavy\/","title":{"rendered":"V\u00fdstavy"},"content":{"rendered":"\n<p class=\"has-gray-color has-text-color has-medium-font-size\"><strong>Samostatn\u00e9 i spole\u010dn\u00e9 se Spolkem v\u00fdtvarn\u00edk\u016f\nVinc\u00fach<\/strong><\/p>\n\n\n\n<p class=\"has-very-light-gray-color has-text-color has-medium-font-size\">1984\n\u2013 Vala\u0161sk\u00e9 Klobouky<\/p>\n\n\n\n<p class=\"has-light-gray-color has-text-color has-medium-font-size\">1985\n&#8211; Vala\u0161sk\u00e9 Klobouky<\/p>\n\n\n\n<p class=\"has-light-gray-color has-text-color has-medium-font-size\">1985\n\u2013 B\u00e1novce nad Bebravou<\/p>\n\n\n\n<p class=\"has-light-gray-color has-text-color has-medium-font-size\">1988\n\u2013 Ostrava<\/p>\n\n\n\n<p class=\"has-light-gray-color has-text-color has-medium-font-size\">1990\n&#8211; Vala\u0161sk\u00e9 Klobouky<\/p>\n\n\n\n<p class=\"has-light-gray-color has-text-color has-medium-font-size\">1991\n&#8211; Vala\u0161sk\u00e9 Klobouky<\/p>\n\n\n\n<p class=\"has-light-gray-color has-text-color has-medium-font-size\">1991\n\u2013 Zl\u00edn<\/p>\n\n\n\n<p class=\"has-light-gray-color has-text-color has-medium-font-size\">1993\n&#8211; Vala\u0161sk\u00e9 Klobouky<\/p>\n\n\n\n<p class=\"has-light-gray-color has-text-color has-medium-font-size\">1995\n\u2013 Vala\u0161sk\u00e9 Mezi\u0159\u00ed\u010d\u00ed<\/p>\n\n\n\n<p class=\"has-light-gray-color has-text-color has-medium-font-size\">1995\n&#8211; Vala\u0161sk\u00e9 Klobouky<\/p>\n\n\n\n<p class=\"has-light-gray-color has-text-color has-medium-font-size\">1995\n\u2013 Praha (Grafika roku)<\/p>\n\n\n\n<p class=\"has-light-gray-color has-text-color has-medium-font-size\">1996\n\u2013 Ostrava (Bien\u00e1le \u010desk\u00e9 grafiky)<\/p>\n\n\n\n<p class=\"has-light-gray-color has-text-color has-medium-font-size\">1996\n\u2013 Praha (Grafika roku)<\/p>\n\n\n\n<p class=\"has-light-gray-color has-text-color has-medium-font-size\">1996\n&#8211; Vala\u0161sk\u00e9 Klobouky<\/p>\n\n\n\n<p class=\"has-light-gray-color has-text-color has-medium-font-size\">1996\n&#8211; Mikulov<\/p>\n\n\n\n<p class=\"has-light-gray-color has-text-color has-medium-font-size\">1997\n&#8211; Vala\u0161sk\u00e9 Klobouky<\/p>\n\n\n\n<p class=\"has-light-gray-color has-text-color has-medium-font-size\">1997\n\u2013 Praha (Grafika roku)<\/p>\n\n\n\n<p class=\"has-light-gray-color has-text-color has-medium-font-size\">1988\n\u2013 Ostrava (Bien\u00e1le grafiky)<\/p>\n\n\n\n<p class=\"has-light-gray-color has-text-color has-medium-font-size\">1998\n&#8211; &nbsp;Luha\u010dovice<\/p>\n\n\n\n<p class=\"has-light-gray-color has-text-color has-medium-font-size\">1998\n\u2013 Vala\u0161sk\u00e9 Mezi\u0159\u00ed\u010d\u00ed<\/p>\n\n\n\n<p class=\"has-light-gray-color has-text-color has-medium-font-size\">1998\n\u2013 Praha (Grafika roku)<\/p>\n\n\n\n<p class=\"has-light-gray-color has-text-color has-medium-font-size\">1999\n&#8211; Vala\u0161sk\u00e9 Klobouky<\/p>\n\n\n\n<p class=\"has-light-gray-color has-text-color has-medium-font-size\">1999\n\u2013 Praha (Grafika roku)<\/p>\n\n\n\n<p class=\"has-light-gray-color has-text-color has-medium-font-size\">2000\n\u2013 Vala\u0161sk\u00e9 Mezi\u0159\u00ed\u010d\u00ed<\/p>\n\n\n\n<p class=\"has-light-gray-color has-text-color has-medium-font-size\">2002\n\u2013 H\u00f6gen\u00e4s (\u0160v\u00e9dsko)<\/p>\n\n\n\n<p class=\"has-light-gray-color has-text-color has-medium-font-size\">2002\n\u2013 Vala\u0161sk\u00e9 Klobouky<\/p>\n\n\n\n<p class=\"has-light-gray-color has-text-color has-medium-font-size\">2003\n\u2013 Slavi\u010d\u00edn<\/p>\n\n\n\n<p class=\"has-light-gray-color has-text-color has-medium-font-size\">2003\n\u2013 Olomouc<\/p>\n\n\n\n<p class=\"has-light-gray-color has-text-color has-medium-font-size\">2005\n\u2013 Vernon (Kanada)<\/p>\n\n\n\n<p class=\"has-light-gray-color has-text-color has-medium-font-size\">2006\n\u2013 Val. Klobouky (650. let)<\/p>\n\n\n\n<p class=\"has-light-gray-color has-text-color has-medium-font-size\">2006\n\u2013 Praha \u010cT<\/p>\n\n\n\n<p class=\"has-light-gray-color has-text-color has-medium-font-size\">2007\n\u2013 Val. Klobouky<\/p>\n\n\n\n<p class=\"has-light-gray-color has-text-color has-medium-font-size\">2008\n\u2013 Zl\u00edn (Zl\u00ednsk\u00e9 divadlo)<\/p>\n\n\n\n<p class=\"has-light-gray-color has-text-color has-medium-font-size\">2008\n\u2013 Vset\u00edn<\/p>\n\n\n\n<p class=\"has-light-gray-color has-text-color has-medium-font-size\">2008\n\u2013 Val. Klobouky (Galerie v&nbsp;Pr\u016fjezdu)<\/p>\n\n\n\n<p class=\"has-light-gray-color has-text-color has-medium-font-size\">2008\n\u2013 Val. Klobouky (Knihovna)<\/p>\n\n\n\n<p class=\"has-light-gray-color has-text-color has-medium-font-size\">2008\n\u2013 \u0160t\u00edtn\u00e1 nad Vl\u00e1\u0159\u00ed<\/p>\n\n\n\n<p class=\"has-light-gray-color has-text-color has-medium-font-size\">2009\n\u2013 Synagoga D\u011b\u010d\u00edn<\/p>\n\n\n\n<p class=\"has-light-gray-color has-text-color has-medium-font-size\">2009\n&#8211; Praha Sen\u00e1t \u010cR<\/p>\n\n\n\n<p class=\"has-light-gray-color has-text-color has-medium-font-size\">2011\n&#8211; Rajnochovice<\/p>\n\n\n\n<p class=\"has-light-gray-color has-text-color has-medium-font-size\">2015\n\u2013 Galerie G, Vala\u0161sk\u00e9 Klobouky<\/p>\n\n\n\n<p class=\"has-light-gray-color has-text-color has-medium-font-size\">2015\n\u2013 Galerie Vinc\u00fach, Vala\u0161sk\u00e9 Klobouky<\/p>\n\n\n\n<p class=\"has-light-gray-color has-text-color has-medium-font-size\">2015\n\u2013 Galerie Kosenka, Vala\u0161sk\u00e9 Klobouky<\/p>\n\n\n\n<p class=\"has-light-gray-color has-text-color has-medium-font-size\">2015\n\u2013 Galerie Pivovar, D\u011b\u010d\u00edn <\/p>\n\n\n\n<p class=\"has-light-gray-color has-text-color has-medium-font-size\">2017\n\u2013 MK Slavi\u010d\u00edn<\/p>\n\n\n\n<p class=\"has-light-gray-color has-text-color has-medium-font-size\">2017\n\u2013 Galerie G, Vala\u0161sk\u00e9 Klobouky<\/p>\n\n\n\n<p class=\"has-light-gray-color has-text-color has-medium-font-size\">2018\n\u2013 Galerie Pivovar, D\u011b\u010d\u00edn<\/p>\n\n\n\n<p class=\"has-light-gray-color has-text-color has-medium-font-size\">2018 &#8211; Z\u00e1kladn\u00ed \u0161kola \u0160t\u00edtn\u00e1 nad Vl\u00e1\u0159\u00ed<\/p>\n\n\n\n<p class=\"has-light-gray-color has-text-color has-medium-font-size\">2018\n\u2013 Galerie Betl\u00e9m, Horn\u00ed Lide\u010d<\/p>\n\n\n\n<p class=\"has-light-gray-color has-text-color has-medium-font-size\">2019\n\u2013 Galerie G, Vala\u0161sk\u00e9 Klobouky<\/p>\n\n\n\n<p class=\"has-light-gray-color has-text-color\" style=\"font-size:20px\">2019 \u2013 M\u011bstsk\u00e9 muzeum Vala\u0161sk\u00e9 Klobouky<\/p>\n\n\n\n<p class=\"has-light-gray-color has-text-color\" style=\"font-size:20px\">2022 &#8211; Z\u00e1mek D\u011b\u010d\u00edn<\/p>\n\n\n\n<p class=\"has-light-gray-color has-text-color\" style=\"font-size:20px\">2022 &#8211; Gymn\u00e1zium Slavi\u010d\u00edn<\/p>\n\n\n\n<p class=\"has-light-gray-color has-text-color\" style=\"font-size:20px\">2022 &#8211; M\u011bstsk\u00e9 muzeum Vala\u0161sk\u00e9 Klobouky<\/p>\n\n\n\n<p class=\"has-light-gray-color has-text-color\" style=\"font-size:20px\">2022 &#8211; Galerie Vinc\u00fach<\/p>\n\n\n\n<p class=\"has-light-gray-color has-text-color\" style=\"font-size:20px\">2023 &#8211; M\u011bstsk\u00e1 knihovna Vala\u0161sk\u00e9 Klobouky<\/p>\n\n\n\n<p class=\"has-light-gray-color has-text-color\" style=\"font-size:20px\">2023 &#8211; H\u00f6gen\u00e4s (\u0160v\u00e9dsko)<\/p>\n\n\n\n<p class=\"has-light-gray-color has-text-color has-normal-font-size\" style=\"font-size:20px\">2024 &#8211; Brumov<\/p>\n\n\n\n<p class=\"has-light-gray-color has-text-color\" style=\"font-size:20px\">2024 &#8211; D\u011b\u010d\u00edn, M\u011bstsk\u00e9 divadlo<\/p>\n\n\n\n<p class=\"has-light-gray-color has-text-color\" style=\"font-size:20px\">2024 &#8211; M\u011bstsk\u00e9 knihovna Vala\u0161sk\u00e9 Klobouky<\/p>\n\n\n\n<p class=\"has-light-gray-color has-text-color has-medium-font-size\" style=\"font-size:20px\">2025 &#8211; M\u011bstsk\u00e9 muzeum Vala\u0161sk\u00e9 Klobouky<\/p>\n\n\n\n<p class=\"has-light-gray-color has-text-color\" style=\"font-size:20px\">2025 &#8211; Galerie Vinc\u00fach<\/p>\n\n\n\n<p class=\"has-light-gray-color has-text-color\" style=\"font-size:20px\">2025 &#8211; Restaurace Beseda<\/p>\n\n\n\n<p class=\"has-light-gray-color has-text-color\" style=\"font-size:20px\">2025 &#8211; M\u011bstsk\u00e1 knihovna Slavi\u010d\u00edn<\/p>\n\n\n\n<p><\/p>\n\n\n\n<p><\/p>\n\n\n\n<p class=\"has-light-gray-color has-text-color has-medium-font-size\">Realizace:\n1995 \u2013 N\u00e1st\u011bnn\u00e1 malba Gymn\u00e1zia Vala\u0161sk\u00e9 Klobouky<\/p>\n\n\n\n<p class=\"has-light-gray-color has-text-color has-medium-font-size\">D\u00edlo Ji\u0159\u00edho Ro\u010d\u00e1ka je zastoupeno v\u00a0soukrom\u00fdch sb\u00edrk\u00e1ch v\u00a0\u010cesk\u00e9 republice, Slovensku, Kanad\u011b a \u0160v\u00e9dsku. K nejd\u016fle\u017eit\u011bj\u0161\u00edm v\u00fdstav\u00e1m pat\u0159\u00ed samostatn\u00e1 v\u00fdstava v\u00fdstava ve foyer Zl\u00ednsk\u00e9ho divadla, v galerii v kanadsk\u00e9m m\u011bst\u011b Vernon a v M\u011bstsk\u00e9m muzeum Vala\u0161sk\u00e9 Klobouky v roce 2025.<\/p>\n\n\n\n<p><\/p>\n","protected":false},"excerpt":{"rendered":"<p>Samostatn\u00e9 i spole\u010dn\u00e9 se Spolkem v\u00fdtvarn\u00edk\u016f Vinc\u00fach 1984 \u2013 Vala\u0161sk\u00e9<span class=\"more-button\"><a href=\"https:\/\/www.rocak.cz\/index.php\/vystavy\/\" class=\"more-link\">Continue reading<span class=\"screen-reader-text\">V\u00fdstavy<\/span><\/a><\/span><\/p>\n","protected":false},"author":1,"featured_media":0,"parent":0,"menu_order":0,"comment_status":"closed","ping_status":"closed","template":"","meta":[],"_links":{"self":[{"href":"https:\/\/www.rocak.cz\/index.php\/wp-json\/wp\/v2\/pages\/113"}],"collection":[{"href":"https:\/\/www.rocak.cz\/index.php\/wp-json\/wp\/v2\/pages"}],"about":[{"href":"https:\/\/www.rocak.cz\/index.php\/wp-json\/wp\/v2\/types\/page"}],"author":[{"embeddable":true,"href":"https:\/\/www.rocak.cz\/index.php\/wp-json\/wp\/v2\/users\/1"}],"replies":[{"embeddable":true,"href":"https:\/\/www.rocak.cz\/index.php\/wp-json\/wp\/v2\/comments?post=113"}],"version-history":[{"count":22,"href":"https:\/\/www.rocak.cz\/index.php\/wp-json\/wp\/v2\/pages\/113\/revisions"}],"predecessor-version":[{"id":723,"href":"https:\/\/www.rocak.cz\/index.php\/wp-json\/wp\/v2\/pages\/113\/revisions\/723"}],"wp:attachment":[{"href":"https:\/\/www.rocak.cz\/index.php\/wp-json\/wp\/v2\/media?parent=113"}],"curies":[{"name":"wp","href":"https:\/\/api.w.org\/{rel}","templated":true}]}}